{"id":559829,"date":"2020-12-21T21:28:04","date_gmt":"2020-12-21T20:28:04","guid":{"rendered":"https:\/\/fitnfemale.com\/?page_id=559829"},"modified":"2026-01-21T15:36:21","modified_gmt":"2026-01-21T14:36:21","slug":"b2b","status":"publish","type":"page","link":"https:\/\/staging.fitnfemale.com\/it\/b2b\/","title":{"rendered":"B2B"},"content":{"rendered":"\n  <div class=\"banner has-hover has-parallax\" id=\"banner-718310458\">\n          <div class=\"banner-inner fill\">\n        <div class=\"banner-bg fill\" data-parallax=\"-3\" data-parallax-container=\".banner\" data-parallax-background>\n            <img decoding=\"async\" width=\"2300\" height=\"1293\" src=\"https:\/\/staging.fitnfemale.com\/wp-content\/uploads\/collagen-duo-shaker-header3-1.webp\" class=\"bg attachment-original size-original\" alt=\"Collagen duo shaker header3 (1)\" \/>                        <div class=\"overlay\"><\/div>            \n                    <\/div>\n\t\t\n\t<div class=\"ux-shape-divider ux-shape-divider--bottom ux-shape-divider--style-fan\">\n\t\t<svg viewBox=\"0 0 1000 100\" xmlns=\"http:\/\/www.w3.org\/2000\/svg\" preserveAspectRatio=\"none\">\n  <path class=\"ux-shape-fill\" d=\"M500 50L1067.25 102.5H-67.2466L500 50Z\"\/>\n  <path class=\"ux-shape-fill\" opacity=\"0.15\" d=\"M1011 2.70583L500 50.0001L-12 2.61328V105H1011V2.70583Z\"\/>\n  <path class=\"ux-shape-fill\" opacity=\"0.3\" d=\"M-13 50H1010V105H-13V50Z\"\/>\n<\/svg>\n\t<\/div>\n        <div class=\"banner-layers container\">\n            <div class=\"fill banner-link\"><\/div>            \n   <div id=\"text-box-1349224758\" class=\"text-box banner-layer x50 md-x50 lg-x50 y85 md-y50 lg-y50 res-text\">\n                                <div class=\"text-box-content text dark\">\n              \n              <div class=\"text-inner text-center\">\n                  \n\t<div id=\"text-550674424\" class=\"text\">\n\t\t\n<h2 class=\"uppercase\">FitNFemale verkaufen \u2013 einfach, profitabel, ohne Umwege.<br \/>\n<\/h2>\n<p class=\"lead\">Seit 2015. \u00dcber 143&#8217;000+ Kundinnen. Produkte, die Frauen wirklich nachfragen \u2013 mit starken Wiederk\u00e4ufen und planbarer Nachfrage.<\/p>\n\t\t\n<style>\n#text-550674424 {\n  font-size: 0.75rem;\n}\n@media (min-width:550px) {\n  #text-550674424 {\n    font-size: 1.1rem;\n  }\n}\n<\/style>\n\t<\/div>\n\t\n              <\/div>\n           <\/div>\n                            \n<style>\n#text-box-1349224758 {\n  width: 94%;\n}\n#text-box-1349224758 .text-box-content {\n  font-size: 100%;\n}\n@media (min-width:550px) {\n  #text-box-1349224758 {\n    width: 58%;\n  }\n}\n<\/style>\n    <\/div>\n \n        <\/div>\n      <\/div>\n\n            \n<style>\n#banner-718310458 {\n  padding-top: 337px;\n}\n#banner-718310458 .overlay {\n  background-color: rgba(0,0,0,.5);\n}\n#banner-718310458 .banner-bg img {\n  object-position: 44% 82%;\n}\n#banner-718310458 .ux-shape-divider--bottom svg {\n  height: 65px;\n  --divider-width: 100%;\n}\n@media (min-width:550px) {\n  #banner-718310458 {\n    padding-top: 760px;\n  }\n  #banner-718310458 .overlay {\n    background-color: rgba(0,0,0,.5);\n  }\n  #banner-718310458 .ux-shape-divider--bottom svg {\n    height: 150px;\n  }\n}\n<\/style>\n  <\/div>\n\n\n<div class=\"row\"  id=\"row-1312634642\">\n\n\t<div id=\"col-380545156\" class=\"col small-12 large-12\"  >\n\t\t\t\t<div class=\"col-inner\"  >\n\t\t\t\n\t\t\t\n<div class=\"row row-solid\"  id=\"row-2146877694\">\n\n\t<div id=\"col-484181094\" class=\"col medium-6 small-12 large-6\"  >\n\t\t\t\t<div class=\"col-inner\"  >\n\t\t\t\n\t\t\t\n\t<div id=\"text-2007882756\" class=\"text\">\n\t\t\n[formidable id=3]\n\t\t\n<style>\n#text-2007882756 {\n  text-align: left;\n}\n@media (min-width:550px) {\n  #text-2007882756 {\n    text-align: left;\n  }\n}\n<\/style>\n\t<\/div>\n\t\n\t\t<\/div>\n\t\t\t\t\t<\/div>\n\n\t\n\n\t<div id=\"col-261950706\" class=\"col medium-6 small-12 large-6\"  >\n\t\t\t\t<div class=\"col-inner\"  >\n\t\t\t\n\t\t\t\n\t<div class=\"box has-hover   has-hover box-text-bottom\" >\n\n\t\t<div class=\"box-image\" style=\"border-radius:63%;width:67%;\">\n\t\t\t\t\t\t<div class=\"\" >\n\t\t\t\t<img decoding=\"async\" width=\"1000\" height=\"1000\" src=\"https:\/\/staging.fitnfemale.com\/wp-content\/uploads\/milena-zuber-2.webp\" class=\"attachment- size-\" alt=\"Milena zuber\" srcset=\"https:\/\/staging.fitnfemale.com\/wp-content\/uploads\/milena-zuber-2.webp 1000w, https:\/\/staging.fitnfemale.com\/wp-content\/uploads\/milena-zuber-2-400x400.webp 400w, https:\/\/staging.fitnfemale.com\/wp-content\/uploads\/milena-zuber-2-800x800.webp 800w, https:\/\/staging.fitnfemale.com\/wp-content\/uploads\/milena-zuber-2-280x280.webp 280w, https:\/\/staging.fitnfemale.com\/wp-content\/uploads\/milena-zuber-2-768x768.webp 768w, https:\/\/staging.fitnfemale.com\/wp-content\/uploads\/milena-zuber-2-12x12.webp 12w, https:\/\/staging.fitnfemale.com\/wp-content\/uploads\/milena-zuber-2-200x200.webp 200w, https:\/\/staging.fitnfemale.com\/wp-content\/uploads\/milena-zuber-2-120x120.webp 120w\" sizes=\"(max-width: 1000px) 100vw, 1000px\" \/>\t\t\t\t<div class=\"overlay\" style=\"background-color:rgba(95, 95, 95, 0.163)\"><\/div>\t\t\t\t\t\t\t<\/div>\n\t\t\t\t\t<\/div>\n\n\t\t<div class=\"box-text text-center\" >\n\t\t\t<div class=\"box-text-inner\">\n\t\t\t\t\n<h4>Milena<\/h4>\n<p>Betreuung B2B &amp; Co-Founder<\/p>\n\t\t\t<\/div>\n\t\t<\/div>\n\t<\/div>\n\t\n\t\t<\/div>\n\t\t\t\t\t<\/div>\n\n\t\n<\/div>\n\t\t<\/div>\n\t\t\t\t\t<\/div>\n\n\t\n<\/div>\n\n\t<section class=\"section\" id=\"section_624206670\">\n\t\t<div class=\"section-bg fill\" >\n\t\t\t\t\t\t\t\t\t\n\t\t\t\n\n\t\t<\/div>\n\n\t\t\n\n\t\t<div class=\"section-content relative\">\n\t\t\t\n<div class=\"row align-center\"  id=\"row-1761250442\">\n\n\t<div id=\"col-493031421\" class=\"col small-12 large-12\"  >\n\t\t\t\t<div class=\"col-inner text-center\"  >\n\t\t\t\n\t\t\t\n\t<div id=\"text-3038088298\" class=\"text\">\n\t\t\n\t\t\n<style>\n#text-3038088298 {\n  text-align: left;\n}\n<\/style>\n\t<\/div>\n\t\n\t\t<\/div>\n\t\t\t\t\n<style>\n#col-493031421 > .col-inner {\n  padding: 20px 0px 0px 0px;\n  margin: 0 0px 0px 0px;\n}\n<\/style>\n\t<\/div>\n\n\t\n<\/div>\n<div class=\"row\"  id=\"row-1667890021\">\n\n\t<div id=\"col-1608083464\" class=\"col small-12 large-12\"  >\n\t\t\t\t<div class=\"col-inner\"  >\n\t\t\t\n\t\t\t\n<div class=\"slider-wrapper relative\" id=\"slider-1070078054\" >\n    <div class=\"slider slider-nav-simple slider-nav-large slider-nav-dark slider-nav-outside slider-style-normal slider-show-nav\"\n        data-flickity-options='{\n            \"cellAlign\": \"center\",\n            \"imagesLoaded\": true,\n            \"lazyLoad\": 1,\n            \"freeScroll\": false,\n            \"wrapAround\": false,\n            \"autoPlay\": 2000,\n            \"pauseAutoPlayOnHover\" : true,\n            \"prevNextButtons\": true,\n            \"contain\" : true,\n            \"adaptiveHeight\" : true,\n            \"dragThreshold\" : 10,\n            \"percentPosition\": true,\n            \"pageDots\": false,\n            \"rightToLeft\": false,\n            \"draggable\": false,\n            \"selectedAttraction\": 0.1,\n            \"parallax\" : 0,\n            \"friction\": 0.6        }'\n        >\n        \n<div class=\"ux-logo has-hover align-middle ux_logo inline-block\" style=\"max-width: 100%!important; width: 199.49152542373px!important\"><div class=\"ux-logo-link block image-color\" title=\"\" href=\"\" style=\"padding: 15px;\"><img decoding=\"async\" src=\"https:\/\/staging.fitnfemale.com\/wp-content\/uploads\/shop-apotheke.jpg\" title=\"\" alt=\"\" class=\"ux-logo-image block\" style=\"height:50px;\" \/><\/div><\/div>\n<div class=\"ux-logo has-hover align-middle ux_logo inline-block\" style=\"max-width: 100%!important; width: 199.49152542373px!important\"><div class=\"ux-logo-link block image-color\" title=\"\" href=\"\" style=\"padding: 15px;\"><img decoding=\"async\" src=\"https:\/\/staging.fitnfemale.com\/wp-content\/uploads\/fitnessfood-1.jpg\" title=\"\" alt=\"\" class=\"ux-logo-image block\" style=\"height:50px;\" \/><\/div><\/div>\n<div class=\"ux-logo has-hover align-middle ux_logo inline-block\" style=\"max-width: 100%!important; width: 199.49152542373px!important\"><div class=\"ux-logo-link block image-color\" title=\"\" href=\"\" style=\"padding: 15px;\"><img decoding=\"async\" src=\"https:\/\/staging.fitnfemale.com\/wp-content\/uploads\/galaxus.jpg\" title=\"\" alt=\"\" class=\"ux-logo-image block\" style=\"height:50px;\" \/><\/div><\/div>\n<div class=\"ux-logo has-hover align-middle ux_logo inline-block\" style=\"max-width: 100%!important; width: 199.49152542373px!important\"><div class=\"ux-logo-link block image-color\" title=\"\" href=\"\" style=\"padding: 15px;\"><img decoding=\"async\" src=\"https:\/\/staging.fitnfemale.com\/wp-content\/uploads\/fitgrade.jpg\" title=\"\" alt=\"\" class=\"ux-logo-image block\" style=\"height:50px;\" \/><\/div><\/div>\n<div class=\"ux-logo has-hover align-middle ux_logo inline-block\" style=\"max-width: 100%!important; width: 199.49152542373px!important\"><div class=\"ux-logo-link block image-color\" title=\"\" href=\"\" style=\"padding: 15px;\"><img decoding=\"async\" src=\"https:\/\/staging.fitnfemale.com\/wp-content\/uploads\/starfit-1.jpg\" title=\"\" alt=\"\" class=\"ux-logo-image block\" style=\"height:50px;\" \/><\/div><\/div>\n<div class=\"ux-logo has-hover align-middle ux_logo inline-block\" style=\"max-width: 100%!important; width: 199.49152542373px!important\"><div class=\"ux-logo-link block image-color\" title=\"\" href=\"\" style=\"padding: 15px;\"><img decoding=\"async\" src=\"https:\/\/staging.fitnfemale.com\/wp-content\/uploads\/sportnahrung.jpg\" title=\"\" alt=\"\" class=\"ux-logo-image block\" style=\"height:50px;\" \/><\/div><\/div>\n<div class=\"ux-logo has-hover align-middle ux_logo inline-block\" style=\"max-width: 100%!important; width: 199.49152542373px!important\"><div class=\"ux-logo-link block image-color\" title=\"\" href=\"\" style=\"padding: 15px;\"><img decoding=\"async\" src=\"https:\/\/staging.fitnfemale.com\/wp-content\/uploads\/mrs-sporty.jpg\" title=\"\" alt=\"\" class=\"ux-logo-image block\" style=\"height:50px;\" \/><\/div><\/div>\n<div class=\"ux-logo has-hover align-middle ux_logo inline-block\" style=\"max-width: 100%!important; width: 199.49152542373px!important\"><div class=\"ux-logo-link block image-color\" title=\"\" href=\"\" style=\"padding: 15px;\"><img decoding=\"async\" src=\"https:\/\/staging.fitnfemale.com\/wp-content\/uploads\/holmes.jpg\" title=\"\" alt=\"\" class=\"ux-logo-image block\" style=\"height:50px;\" \/><\/div><\/div>\n     <\/div>\n\n     <div class=\"loading-spin dark large centered\"><\/div>\n\n\t<\/div>\n\n\n\t\t<\/div>\n\t\t\t\t\t<\/div>\n\n\t\n\n<style>\n#row-1667890021 > .col > .col-inner {\n  padding: 0px 0px 20px 0px;\n}\n<\/style>\n<\/div>\n\t\t<\/div>\n\n\t\t\n<style>\n#section_624206670 {\n  padding-top: 0px;\n  padding-bottom: 0px;\n  background-color: rgb(244, 244, 244);\n}\n<\/style>\n\t<\/section>\n\t\n\n\t<section class=\"section\" id=\"section_1341985729\">\n\t\t<div class=\"section-bg fill\" >\n\t\t\t\t\t\t\t\t\t\n\t\t\t\n\n\t\t<\/div>\n\n\t\t\t<div class=\"ux-shape-divider ux-shape-divider--top ux-shape-divider--style-arrow\">\n\t\t<svg viewBox=\"0 0 1000 100\" xmlns=\"http:\/\/www.w3.org\/2000\/svg\" preserveAspectRatio=\"none\">\n\t<path class=\"ux-shape-fill\" d=\"M1000 100H0L0 96H483L500 79L517 96H1000V100Z\"\/>\n<\/svg>\n\t<\/div>\n\n\n\t\t<div class=\"section-content relative\">\n\t\t\t\n\t<div id=\"gap-1058676598\" class=\"gap-element clearfix\" style=\"display:block; height:auto;\">\n\t\t\n<style>\n#gap-1058676598 {\n  padding-top: 30px;\n}\n<\/style>\n\t<\/div>\n\t\n<div class=\"row align-center\"  id=\"row-751086066\">\n\n\t<div id=\"col-436796552\" class=\"col medium-8 small-12 large-9\"  >\n\t\t\t\t<div class=\"col-inner text-center\"  >\n\t\t\t\n\t\t\t\n\t<div id=\"text-1220068941\" class=\"text\">\n\t\t\n<h3><strong>Ihr Partner f\u00fcr innovative und effektive Nahrungserg\u00e4nzungsmittel speziell f\u00fcr Frauen. Als Gesch\u00e4ftspartner von FitNFemale profitieren Sie von:<\/strong><\/h3>\n\t\t\n<style>\n#text-1220068941 {\n  font-size: 1.3rem;\n  color: rgb(40, 40, 40);\n}\n#text-1220068941 > * {\n  color: rgb(40, 40, 40);\n}\n<\/style>\n\t<\/div>\n\t\n\t\t<\/div>\n\t\t\t\t\t<\/div>\n\n\t\n<\/div>\n<div class=\"row align-center\"  id=\"row-651425287\">\n\n\t<div id=\"col-781298362\" class=\"col medium-12 small-12 large-10\"  >\n\t\t\t\t<div class=\"col-inner\"  >\n\t\t\t\n\t\t\t\n<div class=\"row row-large\"  id=\"row-1406703511\">\n\n\t<div id=\"col-11539876\" class=\"col medium-6 small-12 large-6\"  >\n\t\t\t\t<div class=\"col-inner\"  >\n\t\t\t\n\t\t\t\n\n\t\t<div class=\"icon-box featured-box icon-box-left text-left\"  >\n\t\t\t\t\t<div class=\"icon-box-img has-icon-bg\" style=\"width: 55px\">\n\t\t\t\t<div class=\"icon\">\n\t\t\t\t\t<div class=\"icon-inner\" style=\"border-width:3px;color:rgb(194, 156, 160);\">\n\t\t\t\t\t\t<img decoding=\"async\" width=\"1\" height=\"1\" src=\"https:\/\/staging.fitnfemale.com\/wp-content\/uploads\/shipping-1.svg\" class=\"attachment-medium size-medium\" alt=\"Shipping\" \/>\t\t\t\t\t<\/div>\n\t\t\t\t<\/div>\n\t\t\t<\/div>\n\t\t\t\t<div class=\"icon-box-text last-reset\">\n\t\t\t\t\t\t\t\t\t\n\t<div id=\"text-598362540\" class=\"text\">\n\t\t\n<h4>Attraktive Konditionen &#038; schnelle Lieferung<\/h4>\n\t\t\n<style>\n#text-598362540 {\n  font-size: 1.25rem;\n}\n<\/style>\n\t<\/div>\n\t\n<p>Planbare Verf\u00fcgbarkeit, unkomplizierte Nachbestellung und faire Konditionen \u2013 damit du Marge machst und deine Kundinnen nicht warten l\u00e4sst.<\/p>\n\t\t<\/div>\n\t<\/div>\n\t\n\t\n\t\t<\/div>\n\t\t\t\t\t<\/div>\n\n\t\n\n\t<div id=\"col-1466141195\" class=\"col medium-6 small-12 large-6\"  >\n\t\t\t\t<div class=\"col-inner\"  >\n\t\t\t\n\t\t\t\n\n\t\t<div class=\"icon-box featured-box icon-box-left text-left\"  >\n\t\t\t\t\t<div class=\"icon-box-img has-icon-bg\" style=\"width: 55px\">\n\t\t\t\t<div class=\"icon\">\n\t\t\t\t\t<div class=\"icon-inner\" style=\"border-width:3px;color:rgb(194, 156, 160);\">\n\t\t\t\t\t\t<img decoding=\"async\" width=\"1\" height=\"1\" src=\"https:\/\/staging.fitnfemale.com\/wp-content\/uploads\/woman-first.svg\" class=\"attachment-medium size-medium\" alt=\"Woman first\" \/>\t\t\t\t\t<\/div>\n\t\t\t\t<\/div>\n\t\t\t<\/div>\n\t\t\t\t<div class=\"icon-box-text last-reset\">\n\t\t\t\t\t\t\t\t\t\n\t<div id=\"text-2576643456\" class=\"text\">\n\t\t\n<h4>Produkte f\u00fcr eine wachsende Zielgruppe<\/h4>\n\t\t\n<style>\n#text-2576643456 {\n  font-size: 1.25rem;\n}\n<\/style>\n\t<\/div>\n\t\n<p>Frauen kaufen nicht \u201eeinmal\u201c \u2013 sie bauen Routinen. Genau darauf sind unsere Produkte ausgelegt: Alltagstauglich, beliebt, wiederkehrend.<\/p>\n\t\t<\/div>\n\t<\/div>\n\t\n\t\n\t\t<\/div>\n\t\t\t\t\t<\/div>\n\n\t\n\n\t<div id=\"col-1474230037\" class=\"col medium-6 small-12 large-6\"  >\n\t\t\t\t<div class=\"col-inner\"  >\n\t\t\t\n\t\t\t\n\t<div id=\"gap-317680585\" class=\"gap-element clearfix\" style=\"display:block; height:auto;\">\n\t\t\n<style>\n#gap-317680585 {\n  padding-top: 15px;\n}\n<\/style>\n\t<\/div>\n\t\n\n\t\t<div class=\"icon-box featured-box icon-box-left text-left\"  >\n\t\t\t\t\t<div class=\"icon-box-img has-icon-bg\" style=\"width: 55px\">\n\t\t\t\t<div class=\"icon\">\n\t\t\t\t\t<div class=\"icon-inner\" style=\"border-width:3px;color:rgb(194, 156, 160);\">\n\t\t\t\t\t\t<img decoding=\"async\" width=\"1\" height=\"1\" src=\"https:\/\/staging.fitnfemale.com\/wp-content\/uploads\/quality.svg\" class=\"attachment-medium size-medium\" alt=\"Quality\" \/>\t\t\t\t\t<\/div>\n\t\t\t\t<\/div>\n\t\t\t<\/div>\n\t\t\t\t<div class=\"icon-box-text last-reset\">\n\t\t\t\t\t\t\t\t\t\n\t<div id=\"text-1747858749\" class=\"text\">\n\t\t\n<h4>Qualit\u00e4t, die Vertrauen schafft<\/h4>\n\t\t\n<style>\n#text-1747858749 {\n  font-size: 1.25rem;\n}\n<\/style>\n\t<\/div>\n\t\n<p>Transparente Rezepturen, klare Standards und saubere Entwicklung \u2013 damit du hinter dem Sortiment stehen kannst und deine Kundinnen gerne wiederkommen.<\/p>\n\t\t<\/div>\n\t<\/div>\n\t\n\t\n\t\t<\/div>\n\t\t\t\t\t<\/div>\n\n\t\n\n\t<div id=\"col-1244855038\" class=\"col medium-6 small-12 large-6\"  >\n\t\t\t\t<div class=\"col-inner\"  >\n\t\t\t\n\t\t\t\n\t<div id=\"gap-1896774089\" class=\"gap-element clearfix\" style=\"display:block; height:auto;\">\n\t\t\n<style>\n#gap-1896774089 {\n  padding-top: 15px;\n}\n<\/style>\n\t<\/div>\n\t\n\n\t\t<div class=\"icon-box featured-box icon-box-left text-left\"  >\n\t\t\t\t\t<div class=\"icon-box-img has-icon-bg\" style=\"width: 55px\">\n\t\t\t\t<div class=\"icon\">\n\t\t\t\t\t<div class=\"icon-inner\" style=\"border-width:3px;color:rgb(194, 156, 160);\">\n\t\t\t\t\t\t<img decoding=\"async\" width=\"1\" height=\"1\" src=\"https:\/\/staging.fitnfemale.com\/wp-content\/uploads\/lecker.svg\" class=\"attachment-medium size-medium\" alt=\"Lecker\" \/>\t\t\t\t\t<\/div>\n\t\t\t\t<\/div>\n\t\t\t<\/div>\n\t\t\t\t<div class=\"icon-box-text last-reset\">\n\t\t\t\t\t\t\t\t\t\n\t<div id=\"text-169505856\" class=\"text\">\n\t\t\n<h4>Support f\u00fcr Marketing &#038; Verkaufb<\/h4>\n\t\t\n<style>\n#text-169505856 {\n  font-size: 1.25rem;\n}\n<\/style>\n\t<\/div>\n\t\n<p>Du bekommst Material, das wirklich hilft: Content, Produktwissen, Empfehlungen f\u00fcr Bundles und POS-Unterlagen \u2013 damit dein Verkauf leichter wird.<\/p>\n\t\t<\/div>\n\t<\/div>\n\t\n\t\n\t\t<\/div>\n\t\t\t\t\t<\/div>\n\n\t\n<\/div>\n\t\t<\/div>\n\t\t\t\t\t<\/div>\n\n\t\n<\/div>\n\t\t<\/div>\n\n\t\t\n<style>\n#section_1341985729 {\n  padding-top: 25px;\n  padding-bottom: 25px;\n}\n#section_1341985729 .ux-shape-divider--top svg {\n  height: 87px;\n  --divider-top-width: 100%;\n}\n#section_1341985729 .ux-shape-divider--top .ux-shape-fill {\n  fill: rgb(0,0,0);\n}\n@media (min-width:550px) {\n  #section_1341985729 .ux-shape-divider--top svg {\n    height: 87px;\n  }\n}\n@media (min-width:850px) {\n  #section_1341985729 {\n    padding-top: 50px;\n    padding-bottom: 50px;\n  }\n}\n<\/style>\n\t<\/section>\n\t\n","protected":false},"excerpt":{"rendered":"","protected":false},"author":1,"featured_media":0,"parent":0,"menu_order":0,"comment_status":"closed","ping_status":"closed","template":"page-blank.php","meta":{"slim_seo":{"title":"B2B - FitNFemale\u00ae","description":"Vendi FitNFemale in modo semplice, redditizio e diretto. Dal 2015. Oltre 143.000 clienti. Prodotti che le donne desiderano davvero, con un elevato tasso di acquisti ripetuti."},"footnotes":""},"class_list":["post-559829","page","type-page","status-publish","hentry"],"_links":{"self":[{"href":"https:\/\/staging.fitnfemale.com\/it\/wp-json\/wp\/v2\/pages\/559829","targetHints":{"allow":["GET"]}}],"collection":[{"href":"https:\/\/staging.fitnfemale.com\/it\/wp-json\/wp\/v2\/pages"}],"about":[{"href":"https:\/\/staging.fitnfemale.com\/it\/wp-json\/wp\/v2\/types\/page"}],"author":[{"embeddable":true,"href":"https:\/\/staging.fitnfemale.com\/it\/wp-json\/wp\/v2\/users\/1"}],"replies":[{"embeddable":true,"href":"https:\/\/staging.fitnfemale.com\/it\/wp-json\/wp\/v2\/comments?post=559829"}],"version-history":[{"count":0,"href":"https:\/\/staging.fitnfemale.com\/it\/wp-json\/wp\/v2\/pages\/559829\/revisions"}],"wp:attachment":[{"href":"https:\/\/staging.fitnfemale.com\/it\/wp-json\/wp\/v2\/media?parent=559829"}],"curies":[{"name":"parola chiave","href":"https:\/\/api.w.org\/{rel}","templated":true}]}}