{"id":729065,"date":"2023-03-27T10:38:05","date_gmt":"2023-03-27T09:38:05","guid":{"rendered":"https:\/\/fitnfemale.com\/?post_type=product&#038;p=729065"},"modified":"2024-06-03T22:25:01","modified_gmt":"2024-06-03T21:25:01","slug":"pink-burn-night-edition","status":"publish","type":"product","link":"https:\/\/staging.fitnfemale.com\/fr\/produit\/pink-burn-night-edition\/","title":{"rendered":"Pink Burn (3 en 1) Night Edition"},"content":{"rendered":"<ul>\n<li class=\"bullet-star\">\u00c9quilibre des \u00e9lectrolytes pour une bonne sant\u00e9<\/li>\n<li class=\"bullet-star\">Protection antioxydante : contient du L-glutathion, l'antioxydant le plus puissant du corps.<\/li>\n<li class=\"bullet-star\">Rendement : 240g par bo\u00eete = 20 \u00e0 40 portions (selon le dosage)<\/li>\n<li class=\"bullet-star\">L\u00e9ger &amp; pauvre en calories : seulement 20 calories par portion - sans graisse, sucre ni hydrates de carbone<\/li>\n<\/ul>\n<div class=\"accordion\">\n\t<div id=\"accordion-4034775674\" class=\"accordion-item\">\n\t\t<a id=\"accordion-4034775674-label\" class=\"accordion-title plain\" href=\"#accordion-item-steigere-die-fettverbrennung\" aria-expanded=\"false\" aria-controls=\"accordion-4034775674-content\">\n\t\t\t<button class=\"toggle\" aria-label=\"Basculer\"><i class=\"icon-angle-down\" aria-hidden=\"true\"><\/i><\/button>\n\t\t\t<span>Augmente la combustion des graisses<\/span>\n\t\t<\/a>\n\t\t<div id=\"accordion-4034775674-content\" class=\"accordion-inner\" aria-labelledby=\"accordion-4034775674-label\">\n\t\t\t\n\t<div class=\"img has-hover x md-x lg-x y md-y lg-y\" id=\"image_919658675\">\n\t\t\t\t\t\t\t\t<div class=\"img-inner dark\" >\n\t\t\t<img decoding=\"async\" width=\"800\" height=\"416\" src=\"https:\/\/staging.fitnfemale.com\/wp-content\/uploads\/nightburn-fatburner.jpg\" class=\"attachment-large size-large\" alt=\"Nightburn fatburner\" srcset=\"https:\/\/staging.fitnfemale.com\/wp-content\/uploads\/nightburn-fatburner.jpg 800w, https:\/\/staging.fitnfemale.com\/wp-content\/uploads\/nightburn-fatburner-510x265.jpg 510w, https:\/\/staging.fitnfemale.com\/wp-content\/uploads\/nightburn-fatburner-769x400.jpg 769w, https:\/\/staging.fitnfemale.com\/wp-content\/uploads\/nightburn-fatburner-768x399.jpg 768w, https:\/\/staging.fitnfemale.com\/wp-content\/uploads\/nightburn-fatburner-18x9.jpg 18w\" sizes=\"(max-width: 800px) 100vw, 800px\" \/>\t\t\t\t\t\t\n\t\t\t\t\t<\/div>\n\t\t\t\t\t\t\t\t\n<style>\n#image_919658675 {\n  width: 100%;\n}\n<\/style>\n\t<\/div>\n\t\n<div class=\"is-divider divider clearfix\" ><\/div>\n<p>Des ingr\u00e9dients comme l'extrait d'orange am\u00e8re peuvent soutenir ton m\u00e9tabolisme et favoriser la combustion des graisses. Il est possible qu'il influence l'hormone adiponectine, qui est impliqu\u00e9e dans la r\u00e9gulation du taux de graisse corporelle.<\/p>\n\t\t<\/div>\n\t<\/div>\n\t\n\t<div id=\"accordion-2765667960\" class=\"accordion-item\">\n\t\t<a id=\"accordion-2765667960-label\" class=\"accordion-title plain\" href=\"#accordion-item-intensiviert-dein-training\" aria-expanded=\"false\" aria-controls=\"accordion-2765667960-content\">\n\t\t\t<button class=\"toggle\" aria-label=\"Basculer\"><i class=\"icon-angle-down\" aria-hidden=\"true\"><\/i><\/button>\n\t\t\t<span>Intensifie ton entra\u00eenement<\/span>\n\t\t<\/a>\n\t\t<div id=\"accordion-2765667960-content\" class=\"accordion-inner\" aria-labelledby=\"accordion-2765667960-label\">\n\t\t\t\n<p>La b\u00eata-alanine, la L-arginine et la L-citrulline te donnent l'\u00e9nergie et la concentration n\u00e9cessaires pour effectuer ton entra\u00eenement \u00e0 un niveau \u00e9lev\u00e9. Cela peut en outre avoir un effet positif sur la consommation de calories et le d\u00e9veloppement musculaire.<\/p>\n\t\t<\/div>\n\t<\/div>\n\t\n\t<div id=\"accordion-2430707547\" class=\"accordion-item\">\n\t\t<a id=\"accordion-2430707547-label\" class=\"accordion-title plain\" href=\"#accordion-item-mit-glucomannan-als-idealer-sattmacher\" aria-expanded=\"false\" aria-controls=\"accordion-2430707547-content\">\n\t\t\t<button class=\"toggle\" aria-label=\"Basculer\"><i class=\"icon-angle-down\" aria-hidden=\"true\"><\/i><\/button>\n\t\t\t<span>Avec du glucomannane pour un effet rassasiant id\u00e9al<\/span>\n\t\t<\/a>\n\t\t<div id=\"accordion-2430707547-content\" class=\"accordion-inner\" aria-labelledby=\"accordion-2430707547-label\">\n\t\t\t\n\t<div class=\"img has-hover x md-x lg-x y md-y lg-y\" id=\"image_12317239\">\n\t\t\t\t<div data-parallax-fade=\"true\" data-parallax=\"1\">\t\t\t\t<div class=\"img-inner dark\" >\n\t\t\t<img decoding=\"async\" width=\"400\" height=\"250\" src=\"https:\/\/staging.fitnfemale.com\/wp-content\/uploads\/Glucomannan-konjak.jpg\" class=\"attachment-large size-large\" alt=\"Glucomannan konjak\" \/>\t\t\t\t\t\t\n\t\t\t\t\t<\/div>\n\t\t\t\t<\/div>\t\t\t\t\n<style>\n#image_12317239 {\n  width: 100%;\n}\n<\/style>\n\t<\/div>\n\t\n<div class=\"is-divider divider clearfix\" ><\/div>\n<p>Gr\u00e2ce \u00e0 son \u00e9norme capacit\u00e9 de r\u00e9tention d'eau, le glucomannane gonfle dans le tractus gastro-intestinal et peut ainsi d\u00e9clencher plus rapidement une sensation de sati\u00e9t\u00e9. Il peut \u00e9galement lier les graisses, de sorte que le corps ne les utilise pas de mani\u00e8re \u00e9nerg\u00e9tique, mais les \u00e9limine sans les utiliser. Le glucomannane favorise ainsi \u00e9ventuellement la perte de poids.<\/p>\n\t\t<\/div>\n\t<\/div>\n\t\n\t<div id=\"accordion-3333588578\" class=\"accordion-item\">\n\t\t<a id=\"accordion-3333588578-label\" class=\"accordion-title plain\" href=\"#accordion-item-l-glutathion-(gsh)-als-kraftvoller-zellschutz\" aria-expanded=\"false\" aria-controls=\"accordion-3333588578-content\">\n\t\t\t<button class=\"toggle\" aria-label=\"Basculer\"><i class=\"icon-angle-down\" aria-hidden=\"true\"><\/i><\/button>\n\t\t\t<span>Le L-glutathion (GSH), une puissante protection cellulaire<\/span>\n\t\t<\/a>\n\t\t<div id=\"accordion-3333588578-content\" class=\"accordion-inner\" aria-labelledby=\"accordion-3333588578-label\">\n\t\t\t\n<p>Il compte parmi les antioxydants les plus importants et les plus puissants de notre corps. Il prot\u00e8ge les cellules contre le stress oxydatif et les dommages cellulaires et aide les mitochondries \u00e0 produire suffisamment d'\u00e9nergie.<\/p>\n\t\t<\/div>\n\t<\/div>\n\t\n\t<div id=\"accordion-3494547373\" class=\"accordion-item\">\n\t\t<a id=\"accordion-3494547373-label\" class=\"accordion-title plain\" href=\"#accordion-item-inhaltsstoffe\" aria-expanded=\"false\" aria-controls=\"accordion-3494547373-content\">\n\t\t\t<button class=\"toggle\" aria-label=\"Basculer\"><i class=\"icon-angle-down\" aria-hidden=\"true\"><\/i><\/button>\n\t\t\t<span>Ingr\u00e9dients<\/span>\n\t\t<\/a>\n\t\t<div id=\"accordion-3494547373-content\" class=\"accordion-inner\" aria-labelledby=\"accordion-3494547373-label\">\n\t\t\t\n\t<div class=\"img has-hover x md-x lg-x y md-y lg-y\" id=\"image_113649714\">\n\t\t\t\t\t\t\t\t<div class=\"img-inner dark\" style=\"margin:10px 0px 0px 0px;\">\n\t\t\t<img decoding=\"async\" width=\"1\" height=\"1\" src=\"https:\/\/staging.fitnfemale.com\/wp-content\/uploads\/nightburnfacts.svg\" class=\"attachment-large size-large\" alt=\"Nightburnfacts\" \/>\t\t\t\t\t\t\n\t\t\t\t\t<\/div>\n\t\t\t\t\t\t\t\t\n<style>\n#image_113649714 {\n  width: 100%;\n}\n@media (min-width:550px) {\n  #image_113649714 {\n    width: 47%;\n  }\n}\n<\/style>\n\t<\/div>\n\t\n\t\t<\/div>\n\t<\/div>\n\t\n<\/div>","protected":false},"excerpt":{"rendered":"<h2>Fini les excuses ! Atteins tes objectifs malgr\u00e9 une journ\u00e9e \u00e9puisante gr\u00e2ce \u00e0 Pink Burn (3 en 1) Night Edition.<\/h2>\n<h4>D\u00e9couvre le soutien parfait pour tes entra\u00eenements tardifs - sans troubles du sommeil !<\/h4>\n<ul>\n<li class=\"bullet-star\">Le trio magique : br\u00fbleur de graisse, booster d'entra\u00eenement &amp; contr\u00f4le de l'app\u00e9tit dans une d\u00e9licieuse boisson<\/li>\n<li class=\"bullet-star\">Rassasi\u00e9 plus longtemps &amp; adieu les fringales : 3g de glucomannane par portion pour une sensation de sati\u00e9t\u00e9 durable<\/li>\n<li class=\"bullet-star\">Turbo combustion des graisses : peut stimuler ton m\u00e9tabolisme et intensifier ton entra\u00eenement<\/li>\n<li class=\"bullet-star\">Favorable au sommeil : pas de caf\u00e9ine - id\u00e9al pour ta s\u00e9ance d'entra\u00eenement du soir !<\/li>\n<li class=\"bullet-star\">Effet rapide : d\u00e9j\u00e0 perceptible 20 minutes apr\u00e8s la prise !<\/li>\n<\/ul>\n<p>Donne \u00e0 ton corps la puissance dont il a besoin pour ton entra\u00eenement, soutient ton m\u00e9tabolisme et r\u00e9duit la sensation de faim gr\u00e2ce au glucomannane.<\/p>\n<p>L'\u00e9dition Pink Burn Night est ton compagnon id\u00e9al pour les entra\u00eenements tardifs - sans l'effet typique de l'\u00e9veil qui peut perturber ton sommeil.<\/p>","protected":false},"featured_media":723980,"comment_status":"open","ping_status":"closed","template":"","meta":{"slim_seo":{"title":"Pink Burn (3 in 1) Night Edition - FitNFemale\u00ae","description":"Schluss mit Ausreden! Erreiche deine Ziele trotz anstrengendem Tag mit Pink Burn (3 in 1) Night Edition. Entdecke die perfekte Unterst\u00fctzung f\u00fcr dein sp\u00e4tes Wor"}},"product_brand":[],"product_cat":[6364,317,1052],"product_tag":[],"class_list":{"0":"post-729065","1":"product","2":"type-product","3":"status-publish","4":"has-post-thumbnail","6":"product_cat-promo-30","7":"product_cat-abnehmen","8":"product_cat-fatburner","9":"pa_anwendungsbereiche-for-your-workout","10":"pa_anwendungsbereiche-energy","11":"pa_anwendungsbereiche-leanmuscle","12":"pa_anwendungsbereiche-focus","13":"pa_anwendungsbereiche-weightloss","14":"pa_anwendungsbereiche-shaping","15":"pa_marke-fitnfemale","16":"pa_misc-aspartamfree","17":"pa_misc-glutenfree","18":"pa_misc-lactosefree","19":"pa_nutritionfactinfo-nofat","20":"pa_nutritionfactinfo-nocarbs","21":"pa_nutritionfactinfo-lowcalories","22":"pa_nutritionfactinfo-lowsugar","23":"pa_schwangerschaft-nicht-geeignet","24":"pa_stillzeit-nicht-geeignet","25":"pa_vegan-ja","27":"first","28":"instock","29":"sale","30":"featured","31":"taxable","32":"shipping-taxable","33":"purchasable","34":"product-type-variable","35":"has-default-attributes"},"bundled_by":["738020"],"bundle_stock_status":"instock","bundle_stock_quantity":null,"bundle_virtual":false,"bundle_layout":"","bundle_add_to_cart_form_location":"","bundle_editable_in_cart":false,"bundle_sold_individually_context":"","bundle_item_grouping":"","bundle_min_size":"","bundle_max_size":"","bundle_price":[],"bundled_items":[],"bundle_sell_ids":[],"gallery_images":[754077,748807,748890,755810,723991],"_links":{"self":[{"href":"https:\/\/staging.fitnfemale.com\/fr\/wp-json\/wp\/v2\/product\/729065","targetHints":{"allow":["GET"]}}],"collection":[{"href":"https:\/\/staging.fitnfemale.com\/fr\/wp-json\/wp\/v2\/product"}],"about":[{"href":"https:\/\/staging.fitnfemale.com\/fr\/wp-json\/wp\/v2\/types\/product"}],"replies":[{"embeddable":true,"href":"https:\/\/staging.fitnfemale.com\/fr\/wp-json\/wp\/v2\/comments?post=729065"}],"wp:featuredmedia":[{"embeddable":true,"href":"https:\/\/staging.fitnfemale.com\/fr\/wp-json\/wp\/v2\/media\/723980"}],"wp:attachment":[{"href":"https:\/\/staging.fitnfemale.com\/fr\/wp-json\/wp\/v2\/media?parent=729065"}],"wp:term":[{"taxonomy":"product_brand","embeddable":true,"href":"https:\/\/staging.fitnfemale.com\/fr\/wp-json\/wp\/v2\/product_brand?post=729065"},{"taxonomy":"product_cat","embeddable":true,"href":"https:\/\/staging.fitnfemale.com\/fr\/wp-json\/wp\/v2\/product_cat?post=729065"},{"taxonomy":"product_tag","embeddable":true,"href":"https:\/\/staging.fitnfemale.com\/fr\/wp-json\/wp\/v2\/product_tag?post=729065"}],"curies":[{"name":"wp","href":"https:\/\/api.w.org\/{rel}","templated":true}]}}