{"id":699958,"date":"2022-12-19T15:06:25","date_gmt":"2022-12-19T14:06:25","guid":{"rendered":"https:\/\/fitnfemale.com\/?post_type=product&#038;p=699958"},"modified":"2026-04-23T15:34:36","modified_gmt":"2026-04-23T14:34:36","slug":"collagen-smart-shake","status":"publish","type":"product","link":"https:\/\/staging.fitnfemale.com\/fr\/produit\/collagen-smart-shake\/","title":{"rendered":"Whey Collagen Smart Shake"},"content":{"rendered":"<p>Notre Collagen Smart Shake offre une formule soigneusement et exclusivement compos\u00e9e, id\u00e9ale pour les femmes soucieuses de leur alimentation. Profitez de sa pr\u00e9paration facile avec une excellente solubilit\u00e9 et un go\u00fbt d\u00e9licieux.<\/p>\n<div class=\"accordion\">\n\t<div id=\"accordion-1364159197\" class=\"accordion-item\">\n\t\t<a id=\"accordion-1364159197-label\" class=\"accordion-title plain\" href=\"#accordion-item-digezyme\u00ae---patentierte-verdauungsenzyme\" aria-expanded=\"false\" aria-controls=\"accordion-1364159197-content\">\n\t\t\t<button class=\"toggle\" aria-label=\"Basculer\"><i class=\"icon-angle-down\" aria-hidden=\"true\"><\/i><\/button>\n\t\t\t<span>DigeZyme\u00ae - Enzymes digestives brevet\u00e9es<\/span>\n\t\t<\/a>\n\t\t<div id=\"accordion-1364159197-content\" class=\"accordion-inner\" aria-labelledby=\"accordion-1364159197-label\">\n\t\t\t\n<p>Les enzymes digestives jouent un r\u00f4le cl\u00e9 dans la d\u00e9composition des aliments en composants plus petits et plus faciles \u00e0 traiter. Notre DigeZyme\u00ae contient un m\u00e9lange sp\u00e9cialement d\u00e9velopp\u00e9 d'enzymes digestives, incluant l'amylase, la prot\u00e9ase, la galactosidase, la lipase et la cellulase.<\/p>\n<p>Ces enzymes aident \u00e0 d\u00e9composer les macronutriments tels que les prot\u00e9ines, les glucides et les graisses. Gr\u00e2ce \u00e0 des techniques de production avanc\u00e9es, nous assurons une haute qualit\u00e9 de notre complexe multi-enzymes DigeZyme\u00ae, utilis\u00e9 dans notre Collagen Smart Shake, une formulation prot\u00e9in\u00e9e premium.<\/p>\n\t\t<\/div>\n\t<\/div>\n\t\n\t<div id=\"accordion-2895279127\" class=\"accordion-item\">\n\t\t<a id=\"accordion-2895279127-label\" class=\"accordion-title plain\" href=\"#accordion-item-pr\u00e4--und-probiotika-\u2013-schl\u00fcsselkomponenten-f\u00fcr-die-ern\u00e4hrung\" aria-expanded=\"false\" aria-controls=\"accordion-2895279127-content\">\n\t\t\t<button class=\"toggle\" aria-label=\"Basculer\"><i class=\"icon-angle-down\" aria-hidden=\"true\"><\/i><\/button>\n\t\t\t<span>Pr\u00e9biotiques et probiotiques \u2013 Composants cl\u00e9s pour l'alimentation<\/span>\n\t\t<\/a>\n\t\t<div id=\"accordion-2895279127-content\" class=\"accordion-inner\" aria-labelledby=\"accordion-2895279127-label\">\n\t\t\t\n<p>Les pr\u00e9biotiques sont des composants alimentaires non digestibles qui servent de nourriture aux bact\u00e9ries intestinales saines. Ils sont reconnus pour favoriser la croissance et l'activit\u00e9 de ces micro-organismes b\u00e9n\u00e9fiques. Les probiotiques, quant \u00e0 eux, sont des souches de bact\u00e9ries vivantes pr\u00e9sentes dans certains aliments et suppl\u00e9ments, contribuant \u00e0 la diversit\u00e9 de notre flore intestinale.<\/p>\n<p>La consommation combin\u00e9e de pr\u00e9- et probiotiques peut aider \u00e0 soutenir la composition globale de la flore intestinale, essentielle pour la digestion. En servant de source alimentaire pour les probiotiques, les pr\u00e9biotiques peuvent am\u00e9liorer l'efficacit\u00e9 des probiotiques, qui \u00e0 leur tour, contribuent \u00e0 promouvoir un environnement intestinal \u00e9quilibr\u00e9.<\/p>\n<p><strong>Les objectifs typiques d'une flore intestinale \u00e9quilibr\u00e9e incluent :<\/strong><\/p>\n<ul>\n<li class=\"bullet-star\">Soutien du syst\u00e8me digestif<\/li>\n<li class=\"bullet-star\">Promotion d'un microbiome \u00e9quilibr\u00e9<\/li>\n<\/ul>\n\t\t<\/div>\n\t<\/div>\n\t\n<\/div>","protected":false},"excerpt":{"rendered":"<h2>Smart\u00b3 pour la beaut\u00e9, la forme et la digestion !<\/h2>\n<h4>Le shake contient une combinaison d'ingr\u00e9dients traditionnellement associ\u00e9s \u00e0 la beaut\u00e9, au fitness et \u00e0 la digestion. La composition intelligente et unique combin\u00e9e \u00e0 un go\u00fbt d\u00e9licieux parle d'elle-m\u00eame.<\/h4>\n<ul>\n<li class=\"bullet-star x translation-block\"><strong>Riche en prot\u00e9ines : <\/strong>Id\u00e9al pour un r\u00e9gime riche en prot\u00e9ines.<\/li>\n<li class=\"bullet-star x translation-block\"><strong>Faible en graisses et en calories : <\/strong> Favorise un mode de vie sain sans compromis sur le go\u00fbt.<\/li>\n<li class=\"bullet-star x\"><strong>M\u00e9lange d'enzymes brevet\u00e9 DigeZyme\u00ae :<\/strong> Enth\u00e4lt hochwertige Verdauungsenzyme.<\/li>\n<li class=\"bullet-star x translation-block\"><strong>Sans ajout de sucre : <\/strong> Pour ceux qui souhaitent r\u00e9duire leur consommation de sucre, sans sacrifier le go\u00fbt.<\/li>\n<li class=\"bullet-star x translation-block\"><strong>Emballage 100% recyclable : <\/strong>Nous nous engageons pour la durabilit\u00e9 et garantissons un emballage respectueux de l'environnement.<\/li>\n<\/ul>","protected":false},"featured_media":700572,"comment_status":"open","ping_status":"closed","template":"","meta":{"slim_seo":{"title":"Whey Collagen Smart Shake - FitNFemale\u00ae","description":"Smart\u00b3 f\u00fcr Beauty, Fitness und Verdauung! Der Shake enth\u00e4lt eine Kombination von Inhaltsstoffen, die traditionell mit Sch\u00f6nheit, Fitness und Verdauung in Verbin"}},"product_brand":[],"product_cat":[6629,1047,401],"product_tag":[6487,6486,6665],"class_list":{"0":"post-699958","1":"product","2":"type-product","3":"status-publish","4":"has-post-thumbnail","6":"product_cat-basic","7":"product_cat-fit-strong","8":"product_cat-health","9":"product_tag-beauty","10":"product_tag-collagen","11":"product_tag-prae-probiotika","12":"pa_anwendungsbereiche-bindegewebe","13":"pa_anwendungsbereiche-for-your-workout","14":"pa_anwendungsbereiche-gelenke-und-knochen","15":"pa_anwendungsbereiche-health","16":"pa_anwendungsbereiche-skin-hair-nails","17":"pa_anwendungsbereiche-immune-system","18":"pa_anwendungsbereiche-verdauung","19":"pa_marke-fitnfemale","20":"pa_misc-aspartamfree","21":"pa_schwangerschaft-geeignet","22":"pa_stillzeit-geeignet","23":"pa_vegan-nein","25":"first","26":"instock","27":"taxable","28":"shipping-taxable","29":"purchasable","30":"product-type-variable","31":"has-default-attributes"},"bundled_by":["738321","738344","786592","786594","738226"],"bundle_stock_status":"instock","bundle_stock_quantity":null,"bundle_virtual":false,"bundle_layout":"","bundle_add_to_cart_form_location":"","bundle_editable_in_cart":false,"bundle_sold_individually_context":"","bundle_item_grouping":"","bundle_min_size":"","bundle_max_size":"","bundle_price":[],"bundled_items":[],"bundle_sell_ids":[],"gallery_images":[718522,700366,775724,730416,730408,718074,718080],"_links":{"self":[{"href":"https:\/\/staging.fitnfemale.com\/fr\/wp-json\/wp\/v2\/product\/699958","targetHints":{"allow":["GET"]}}],"collection":[{"href":"https:\/\/staging.fitnfemale.com\/fr\/wp-json\/wp\/v2\/product"}],"about":[{"href":"https:\/\/staging.fitnfemale.com\/fr\/wp-json\/wp\/v2\/types\/product"}],"replies":[{"embeddable":true,"href":"https:\/\/staging.fitnfemale.com\/fr\/wp-json\/wp\/v2\/comments?post=699958"}],"wp:featuredmedia":[{"embeddable":true,"href":"https:\/\/staging.fitnfemale.com\/fr\/wp-json\/wp\/v2\/media\/700572"}],"wp:attachment":[{"href":"https:\/\/staging.fitnfemale.com\/fr\/wp-json\/wp\/v2\/media?parent=699958"}],"wp:term":[{"taxonomy":"product_brand","embeddable":true,"href":"https:\/\/staging.fitnfemale.com\/fr\/wp-json\/wp\/v2\/product_brand?post=699958"},{"taxonomy":"product_cat","embeddable":true,"href":"https:\/\/staging.fitnfemale.com\/fr\/wp-json\/wp\/v2\/product_cat?post=699958"},{"taxonomy":"product_tag","embeddable":true,"href":"https:\/\/staging.fitnfemale.com\/fr\/wp-json\/wp\/v2\/product_tag?post=699958"}],"curies":[{"name":"wp","href":"https:\/\/api.w.org\/{rel}","templated":true}]}}