{"id":5008,"date":"2017-10-02T19:10:41","date_gmt":"2017-10-02T18:10:41","guid":{"rendered":"http:\/\/blog.fitnfemale.de\/shop\/24-vitamins-minerals\/"},"modified":"2026-05-10T07:25:04","modified_gmt":"2026-05-10T06:25:04","slug":"24-vitamins-minerals","status":"publish","type":"product","link":"https:\/\/staging.fitnfemale.com\/fr\/produit\/24-vitamins-minerals\/","title":{"rendered":"24 vitamines et min\u00e9raux"},"content":{"rendered":"<div class=\"img has-hover img-details x md-x lg-x y md-y lg-y\" id=\"image_2045209061\">\n\t\t\t\t\t\t\t\t<div class=\"img-inner dark\" >\n\t\t\t<img decoding=\"async\" width=\"1020\" height=\"569\" src=\"https:\/\/staging.fitnfemale.com\/wp-content\/uploads\/24vitamins-minerals-closeup17.webp\" class=\"attachment-large size-large\" alt=\"24 vitamines et min\u00e9raux en gros plan17\" srcset=\"https:\/\/staging.fitnfemale.com\/wp-content\/uploads\/24vitamins-minerals-closeup17.webp 1376w, https:\/\/staging.fitnfemale.com\/wp-content\/uploads\/24vitamins-minerals-closeup17-717x400.webp 717w, https:\/\/staging.fitnfemale.com\/wp-content\/uploads\/24vitamins-minerals-closeup17-768x429.webp 768w, https:\/\/staging.fitnfemale.com\/wp-content\/uploads\/24vitamins-minerals-closeup17-18x10.webp 18w, https:\/\/staging.fitnfemale.com\/wp-content\/uploads\/24vitamins-minerals-closeup17-1000x558.webp 1000w\" sizes=\"(max-width: 1020px) 100vw, 1020px\" \/>\t\t\t\t\t\t\n\t\t\t\t\t<\/div>\n\t\t\t\t\t\t\t\t\n<style>\n#image_2045209061 {\n  width: 100%;\n}\n<\/style>\n\t<\/div>\n\t\n<ul>\n<li class=\"bullet-star\" data-start=\"988\" data-end=\"1080\"><strong data-start=\"990\" data-end=\"1041\">Unterst\u00fctzt deinen normalen Energiestoffwechsel<\/strong><br data-start=\"1041\" data-end=\"1044\" \/>mit Vitamin C, B12 und Magnesium<\/li>\n<li class=\"bullet-star\" data-start=\"1082\" data-end=\"1160\"><strong data-start=\"1084\" data-end=\"1128\">Tr\u00e4gt zur Erhaltung normaler Knochen bei<\/strong><br data-start=\"1128\" data-end=\"1131\" \/>mit Calcium und Vitamin D<\/li>\n<li class=\"bullet-star\" data-start=\"1162\" data-end=\"1249\"><strong data-start=\"1164\" data-end=\"1217\">Unterst\u00fctzt die normale Funktion des Immunsystems<\/strong><br data-start=\"1217\" data-end=\"1220\" \/>mit Vitamin C, D und Zink<\/li>\n<li class=\"bullet-star\" data-start=\"1251\" data-end=\"1327\"><strong data-start=\"1253\" data-end=\"1293\">Sch\u00fctzt Zellen vor oxidativem Stress<\/strong><br data-start=\"1293\" data-end=\"1296\" \/>mit Vitamin C und Vitamin E<\/li>\n<\/ul>\n<p>Gr\u00e2ce \u00e0 la prise pratique de seulement deux comprim\u00e9s par jour, il est tr\u00e8s facile d&#039;apporter \u00e0 votre corps les nutriments de mani\u00e8re optimale \u2013 que vous fassiez du sport, ayez une vie quotidienne stressante ou souhaitiez simplement rester en pleine forme.<\/p>\n<table class=\"ffnf-clean-table\">\n<thead>\n<tr>\n<th>Ingr\u00e9dients<\/th>\n<th>Portion (2 capsules)<\/th>\n<th>% NRV*<\/th>\n<\/tr>\n<\/thead>\n<tbody>\n<tr>\n<td>Vitamine A<\/td>\n<td>266 \u00b5g<\/td>\n<td>33 %<\/td>\n<\/tr>\n<tr>\n<td>Vitamine C<\/td>\n<td>120 mg<\/td>\n<td>150 %<\/td>\n<\/tr>\n<tr>\n<td>Vitamine D<\/td>\n<td>10 \u00b5g<\/td>\n<td>200 %<\/td>\n<\/tr>\n<tr>\n<td>Vitamine K<\/td>\n<td>60 \u00b5g<\/td>\n<td>80 %<\/td>\n<\/tr>\n<tr>\n<td>Vitamine E<\/td>\n<td>20 mg<\/td>\n<td>166 %<\/td>\n<\/tr>\n<tr>\n<td>Vitamine B1<\/td>\n<td>2,8 mg<\/td>\n<td>254 %<\/td>\n<\/tr>\n<tr>\n<td>Vitamine B2<\/td>\n<td>3,2 mg<\/td>\n<td>228 %<\/td>\n<\/tr>\n<tr>\n<td>Vitamine B3<\/td>\n<td>36 mg<\/td>\n<td>225 %<\/td>\n<\/tr>\n<tr>\n<td>Vitamine B5<\/td>\n<td>12 mg<\/td>\n<td>200 %<\/td>\n<\/tr>\n<tr>\n<td>Vitamine B6<\/td>\n<td>4 mg<\/td>\n<td>285 %<\/td>\n<\/tr>\n<tr>\n<td>Vitamine B12<\/td>\n<td>2 \u00b5g<\/td>\n<td>80 %<\/td>\n<\/tr>\n<tr>\n<td>Biotine<\/td>\n<td>300 \u00b5g<\/td>\n<td>600 %<\/td>\n<\/tr>\n<tr>\n<td>acide folique<\/td>\n<td>400 \u00b5g<\/td>\n<td>200 %<\/td>\n<\/tr>\n<tr>\n<td>calcium<\/td>\n<td>324 mg<\/td>\n<td>40 %<\/td>\n<\/tr>\n<tr>\n<td>magn\u00e9sium<\/td>\n<td>200 mg<\/td>\n<td>53 %<\/td>\n<\/tr>\n<tr>\n<td>iode<\/td>\n<td>100 \u00b5g<\/td>\n<td>66 %<\/td>\n<\/tr>\n<tr>\n<td>Fer<\/td>\n<td>8 mg<\/td>\n<td>57 %<\/td>\n<\/tr>\n<tr>\n<td>s\u00e9l\u00e9nium<\/td>\n<td>50 \u00b5g<\/td>\n<td>90 %<\/td>\n<\/tr>\n<tr>\n<td>zinc<\/td>\n<td>5,3 mg<\/td>\n<td>100 %<\/td>\n<\/tr>\n<tr>\n<td>cuivre<\/td>\n<td>1 mg<\/td>\n<td>100 %<\/td>\n<\/tr>\n<tr>\n<td>mangan\u00e8se<\/td>\n<td>2 mg<\/td>\n<td>100 %<\/td>\n<\/tr>\n<tr>\n<td>chrome<\/td>\n<td>50 \u00b5g<\/td>\n<td>100 %<\/td>\n<\/tr>\n<tr>\n<td>molybd\u00e8ne<\/td>\n<td>50 \u00b5g<\/td>\n<td>100 %<\/td>\n<\/tr>\n<tr>\n<td>phosphore<\/td>\n<td>250 mg<\/td>\n<td>35 %<\/td>\n<\/tr>\n<\/tbody>\n<\/table>","protected":false},"excerpt":{"rendered":"<h2>Deine t\u00e4gliche Basis f\u00fcr mehr Wohlgef\u00fchl<\/h2>\n<h4>F\u00fcr Frauen entwickelt, die ihren Alltag strukturiert und bewusst angehen.<\/h4>\n<ul>\n<li class=\"bullet-checkmark\" data-start=\"686\" data-end=\"735\">Seulement 2 comprim\u00e9s par jour<\/li>\n<li class=\"bullet-checkmark\" data-start=\"736\" data-end=\"770\">60 Tage Versorgung pro Dose<\/li>\n<li class=\"bullet-checkmark\" data-start=\"771\" data-end=\"796\">Kein Mix aus 5 Produkten n\u00f6tig<\/li>\n<\/ul>","protected":false},"featured_media":943441,"comment_status":"open","ping_status":"closed","template":"","meta":{"slim_seo":{"title":"24 vitamines et min\u00e9raux - FitNFemale\u00ae","description":"Deine t\u00e4gliche Basis f\u00fcr mehr Wohlgef\u00fchl F\u00fcr Frauen entwickelt, die ihren Alltag strukturiert und bewusst angehen. Nur 2 Tabletten t\u00e4glich 60 Tage Versorgung pr"}},"product_brand":[],"product_cat":[6363,6629,401],"product_tag":[],"class_list":{"0":"post-5008","1":"product","2":"type-product","3":"status-publish","4":"has-post-thumbnail","6":"product_cat-promo-40","7":"product_cat-basic","8":"product_cat-health","9":"pa_anwendungsbereiche-health","10":"pa_anwendungsbereiche-skin-hair-nails","11":"pa_anwendungsbereiche-immune-system","12":"pa_marke-fitnfemale","13":"pa_misc-aspartamfree","14":"pa_misc-glutenfree","15":"pa_misc-lactosefree","16":"pa_misc-vegetarian","17":"pa_schwangerschaft-nicht-geeignet","18":"pa_stillzeit-geeignet","19":"pa_vegan-ja","21":"first","22":"instock","23":"taxable","24":"shipping-taxable","25":"purchasable","26":"product-type-simple"},"bundled_by":["626249","627259","470906","786591","956646"],"bundle_stock_status":"instock","bundle_stock_quantity":232,"bundle_virtual":false,"bundle_layout":"","bundle_add_to_cart_form_location":"","bundle_editable_in_cart":false,"bundle_sold_individually_context":"","bundle_item_grouping":"","bundle_min_size":"","bundle_max_size":"","bundle_price":[],"bundled_items":[],"bundle_sell_ids":[],"gallery_images":[953744,953748,907739,953746,953749,639879,953745],"_links":{"self":[{"href":"https:\/\/staging.fitnfemale.com\/fr\/wp-json\/wp\/v2\/product\/5008","targetHints":{"allow":["GET"]}}],"collection":[{"href":"https:\/\/staging.fitnfemale.com\/fr\/wp-json\/wp\/v2\/product"}],"about":[{"href":"https:\/\/staging.fitnfemale.com\/fr\/wp-json\/wp\/v2\/types\/product"}],"replies":[{"embeddable":true,"href":"https:\/\/staging.fitnfemale.com\/fr\/wp-json\/wp\/v2\/comments?post=5008"}],"wp:featuredmedia":[{"embeddable":true,"href":"https:\/\/staging.fitnfemale.com\/fr\/wp-json\/wp\/v2\/media\/943441"}],"wp:attachment":[{"href":"https:\/\/staging.fitnfemale.com\/fr\/wp-json\/wp\/v2\/media?parent=5008"}],"wp:term":[{"taxonomy":"product_brand","embeddable":true,"href":"https:\/\/staging.fitnfemale.com\/fr\/wp-json\/wp\/v2\/product_brand?post=5008"},{"taxonomy":"product_cat","embeddable":true,"href":"https:\/\/staging.fitnfemale.com\/fr\/wp-json\/wp\/v2\/product_cat?post=5008"},{"taxonomy":"product_tag","embeddable":true,"href":"https:\/\/staging.fitnfemale.com\/fr\/wp-json\/wp\/v2\/product_tag?post=5008"}],"curies":[{"name":"wp","href":"https:\/\/api.w.org\/{rel}","templated":true}]}}