{"id":784411,"date":"2023-01-25T08:13:35","date_gmt":"2023-01-25T07:13:35","guid":{"rendered":"https:\/\/fitnfemale.com\/?page_id=784411"},"modified":"2023-11-20T10:18:06","modified_gmt":"2023-11-20T09:18:06","slug":"collagen","status":"publish","type":"page","link":"https:\/\/staging.fitnfemale.com\/fr\/collagen\/","title":{"rendered":"Collag\u00e8ne"},"content":{"rendered":"\n  <div class=\"banner has-hover\" id=\"banner-105723156\">\n          <div class=\"banner-inner fill\">\n        <div class=\"banner-bg fill\" >\n            <img decoding=\"async\" width=\"2400\" height=\"1350\" src=\"https:\/\/staging.fitnfemale.com\/wp-content\/uploads\/collagen-pulver-collagenprodukte.jpg\" class=\"bg attachment-original size-original\" alt=\"Collagen Pulver Collagenprodukte\" \/>                                    \n                    <\/div>\n\t\t\n        <div class=\"banner-layers container\">\n            <div class=\"fill banner-link\"><\/div>            \n   <div id=\"text-box-925713228\" class=\"text-box banner-layer x0 md-x15 lg-x15 y95 md-y85 lg-y85 res-text\">\n                                <div class=\"text-box-content text dark\">\n              \n              <div class=\"text-inner text-center\">\n                  \n<h3 class=\"uppercase\"><strong>Finde dein perfektes Collagen bei FitNFemale<\/strong><\/h3>\n              <\/div>\n           <\/div>\n                            \n<style>\n#text-box-925713228 {\n  width: 51%;\n}\n#text-box-925713228 .text-box-content {\n  font-size: 100%;\n}\n@media (min-width:550px) {\n  #text-box-925713228 {\n    width: 21%;\n  }\n}\n<\/style>\n    <\/div>\n \n        <\/div>\n      <\/div>\n\n            \n<style>\n#banner-105723156 {\n  padding-top: 99.99%;\n}\n#banner-105723156 .banner-bg img {\n  object-position: 35% 36%;\n}\n@media (min-width:550px) {\n  #banner-105723156 {\n    padding-top: 57%;\n  }\n}\n<\/style>\n  <\/div>\n\n\n\n  <div class=\"banner has-hover has-parallax\" id=\"banner-1915017813\">\n          <div class=\"banner-inner fill\">\n        <div class=\"banner-bg fill\" data-parallax=\"-3\" data-parallax-container=\".banner\" data-parallax-background>\n                                                \n                    <\/div>\n\t\t\n        <div class=\"banner-layers container\">\n            <div class=\"fill banner-link\"><\/div>            \n   <div id=\"text-box-1994422579\" class=\"text-box banner-layer x50 md-x95 lg-x95 y95 md-y50 lg-y50 res-text\">\n                     <div data-animate=\"fadeInLeft\">           <div class=\"text-box-content text dark\">\n              \n              <div class=\"text-inner text-center\">\n                  \n\t<div id=\"text-3157256426\" class=\"text\">\n\t\t\n<p class=\"uppercase\">Collagen Supermix<\/p>\n\t\t\n<style>\n#text-3157256426 {\n  color: rgb(0,0,0);\n}\n#text-3157256426 > * {\n  color: rgb(0,0,0);\n}\n<\/style>\n\t<\/div>\n\t\n<h3 class=\"lead\"><strong>F\u00fcr strahlende Haut &#038; stressfreies Leben.<\/strong><\/h3>\n<p>Suchst du eine umfassende L\u00f6sung f\u00fcr Haut, Haare, Gelenke und Knochen? Unser Collagen Supermix ist die Antwort. Plus: Er hilft gegen Stress!<\/p>\n<a href=\"\/produkt\/collagen-supermix\/\" class=\"button white expand\" style=\"border-radius:99px;\">\n\t<i class=\"icon-angle-right\" aria-hidden=\"true\"><\/i>\t<span>collagen supermix<\/span>\n\t<\/a>\n\n              <\/div>\n           <\/div>\n       <\/div>                     \n<style>\n#text-box-1994422579 {\n  width: 86%;\n}\n#text-box-1994422579 .text-box-content {\n  font-size: 100%;\n}\n@media (min-width:550px) {\n  #text-box-1994422579 {\n    width: 41%;\n  }\n}\n<\/style>\n    <\/div>\n \n\t<div class=\"img has-hover x50 md-x5 lg-x5 y5 md-y95 lg-y95\" id=\"image_2011625891\">\n\t\t<a class=\"\" href=\"\/produkt\/collagen-supermix\/\" >\t\t\t\t\t\t<div class=\"img-inner dark\" >\n\t\t\t<img decoding=\"async\" width=\"800\" height=\"800\" src=\"https:\/\/staging.fitnfemale.com\/wp-content\/uploads\/collagen-supermix-shop.png\" class=\"attachment-original size-original\" alt=\"Collagen Supermix Shop\" srcset=\"https:\/\/staging.fitnfemale.com\/wp-content\/uploads\/collagen-supermix-shop.png 800w, https:\/\/staging.fitnfemale.com\/wp-content\/uploads\/collagen-supermix-shop-510x510.png 510w, https:\/\/staging.fitnfemale.com\/wp-content\/uploads\/collagen-supermix-shop-200x200.png 200w, https:\/\/staging.fitnfemale.com\/wp-content\/uploads\/collagen-supermix-shop-400x400.png 400w, https:\/\/staging.fitnfemale.com\/wp-content\/uploads\/collagen-supermix-shop-280x280.png 280w, https:\/\/staging.fitnfemale.com\/wp-content\/uploads\/collagen-supermix-shop-768x768.png 768w, https:\/\/staging.fitnfemale.com\/wp-content\/uploads\/collagen-supermix-shop-12x12.png 12w, https:\/\/staging.fitnfemale.com\/wp-content\/uploads\/collagen-supermix-shop-120x120.png 120w\" sizes=\"(max-width: 800px) 100vw, 800px\" \/>\t\t\t\t\t\t\n\t\t\t\t\t<\/div>\n\t\t\t\t\t\t<\/a>\t\t\n<style>\n#image_2011625891 {\n  width: 47%;\n}\n@media (min-width:550px) {\n  #image_2011625891 {\n    width: 34%;\n  }\n}\n<\/style>\n\t<\/div>\n\t\n        <\/div>\n      <\/div>\n\n            \n<style>\n#banner-1915017813 {\n  padding-top: 408px;\n  background-color: rgb(219, 143, 179);\n}\n#banner-1915017813 .overlay {\n  background-color: rgba(0, 0, 0, 0.3);\n}\n#banner-1915017813 .banner-bg img {\n  object-position: 35% 23%;\n}\n@media (min-width:550px) {\n  #banner-1915017813 {\n    padding-top: 540px;\n  }\n}\n<\/style>\n  <\/div>\n\n\n\n  <div class=\"banner has-hover has-parallax\" id=\"banner-1240342883\">\n          <div class=\"banner-inner fill\">\n        <div class=\"banner-bg fill\" data-parallax=\"-3\" data-parallax-container=\".banner\" data-parallax-background>\n                                                \n                    <\/div>\n\t\t\n        <div class=\"banner-layers container\">\n            <div class=\"fill banner-link\"><\/div>            \n   <div id=\"text-box-2057613356\" class=\"text-box banner-layer x50 md-x95 lg-x95 y95 md-y50 lg-y50 res-text\">\n                     <div data-animate=\"fadeInLeft\">           <div class=\"text-box-content text dark\">\n              \n              <div class=\"text-inner text-center\">\n                  \n\t<div id=\"text-2026663753\" class=\"text\">\n\t\t\n<p class=\"uppercase\">Collagen Smart Shake<\/p>\n\t\t\n<style>\n#text-2026663753 {\n  color: rgb(0,0,0);\n}\n#text-2026663753 > * {\n  color: rgb(0,0,0);\n}\n<\/style>\n\t<\/div>\n\t\n<h3 class=\"lead\"><strong>Sch\u00f6nheit, Fitness &#038; gute Verdauung in einem.<\/strong><\/h3>\n<p>Ein Allrounder f\u00fcr das \u00e4u\u00dfere und innere Wohlbefinden! Ideal, wenn du einen Shake m\u00f6chtest, der dich nicht nur sch\u00f6n, sondern auch fit macht und deine Verdauung unterst\u00fctzt.<\/p>\n<a href=\"\/produkt\/collagen-smart-shake\/\" class=\"button white expand\" style=\"border-radius:99px;\">\n\t<i class=\"icon-angle-right\" aria-hidden=\"true\"><\/i>\t<span>SMART COLLAGEN SHAKE<\/span>\n\t<\/a>\n\n              <\/div>\n           <\/div>\n       <\/div>                     \n<style>\n#text-box-2057613356 {\n  width: 80%;\n}\n#text-box-2057613356 .text-box-content {\n  font-size: 100%;\n}\n@media (min-width:550px) {\n  #text-box-2057613356 {\n    width: 41%;\n  }\n}\n<\/style>\n    <\/div>\n \n\t<div class=\"img has-hover x50 md-x5 lg-x5 y5 md-y95 lg-y95\" id=\"image_728506635\">\n\t\t<a class=\"\" href=\"\/produkt\/collagen-smart-shake\/\" >\t\t\t\t\t\t<div class=\"img-inner dark\" >\n\t\t\t<img decoding=\"async\" width=\"800\" height=\"800\" src=\"https:\/\/staging.fitnfemale.com\/wp-content\/uploads\/collagen-smart-shake.png\" class=\"attachment-original size-original\" alt=\"Collagen Smart Shake\" srcset=\"https:\/\/staging.fitnfemale.com\/wp-content\/uploads\/collagen-smart-shake.png 800w, https:\/\/staging.fitnfemale.com\/wp-content\/uploads\/collagen-smart-shake-510x510.png 510w, https:\/\/staging.fitnfemale.com\/wp-content\/uploads\/collagen-smart-shake-200x200.png 200w, https:\/\/staging.fitnfemale.com\/wp-content\/uploads\/collagen-smart-shake-400x400.png 400w, https:\/\/staging.fitnfemale.com\/wp-content\/uploads\/collagen-smart-shake-280x280.png 280w, https:\/\/staging.fitnfemale.com\/wp-content\/uploads\/collagen-smart-shake-768x768.png 768w, https:\/\/staging.fitnfemale.com\/wp-content\/uploads\/collagen-smart-shake-12x12.png 12w, https:\/\/staging.fitnfemale.com\/wp-content\/uploads\/collagen-smart-shake-120x120.png 120w\" sizes=\"(max-width: 800px) 100vw, 800px\" \/>\t\t\t\t\t\t\n\t\t\t\t\t<\/div>\n\t\t\t\t\t\t<\/a>\t\t\n<style>\n#image_728506635 {\n  width: 47%;\n}\n@media (min-width:550px) {\n  #image_728506635 {\n    width: 37%;\n  }\n}\n<\/style>\n\t<\/div>\n\t\n        <\/div>\n      <\/div>\n\n            \n<style>\n#banner-1240342883 {\n  padding-top: 446px;\n  background-color: rgb(205, 189, 171);\n}\n#banner-1240342883 .overlay {\n  background-color: rgba(0, 0, 0, 0.3);\n}\n#banner-1240342883 .banner-bg img {\n  object-position: 35% 23%;\n}\n@media (min-width:550px) {\n  #banner-1240342883 {\n    padding-top: 540px;\n  }\n}\n<\/style>\n  <\/div>\n\n\n\n  <div class=\"banner has-hover show-for-medium hide-for-small has-parallax\" id=\"banner-1574820971\">\n          <div class=\"banner-inner fill\">\n        <div class=\"banner-bg fill\" data-parallax=\"-3\" data-parallax-container=\".banner\" data-parallax-background>\n                                    <div class=\"overlay\"><\/div>            \n                    <\/div>\n\t\t\n        <div class=\"banner-layers container\">\n            <div class=\"fill banner-link\"><\/div>            \n   <div id=\"text-box-54146238\" class=\"text-box banner-layer x50 md-x50 lg-x50 y50 md-y50 lg-y50 res-text\">\n              <div data-parallax=\"2\" data-parallax-fade=\"true\">                  <div class=\"text-box-content text dark\">\n              \n              <div class=\"text-inner text-center\">\n                  \n<h3 class=\"uppercase\"><strong>Join Our Newsletter<\/strong><\/h3>\n<p>Lorem ipsum dolor sit amet, consectetuer adipiscing elit, sed diam nonummy nibh euismod tincidunt ut laoreet dolore magna aliquam erat volutpat.<\/p>\n[contact-form-7 id=&#8220;7042&#8243;]\n              <\/div>\n           <\/div>\n              <\/div>              \n<style>\n#text-box-54146238 {\n  width: 93%;\n}\n#text-box-54146238 .text-box-content {\n  font-size: 100%;\n}\n@media (min-width:550px) {\n  #text-box-54146238 {\n    width: 60%;\n  }\n}\n<\/style>\n    <\/div>\n \n        <\/div>\n      <\/div>\n\n            \n<style>\n#banner-1574820971 {\n  padding-top: 450px;\n}\n#banner-1574820971 .overlay {\n  background-color: rgba(0, 0, 0, 0.63);\n}\n<\/style>\n  <\/div>\n\n\n\n  <div class=\"banner has-hover has-parallax\" id=\"banner-539799037\">\n          <div class=\"banner-inner fill\">\n        <div class=\"banner-bg fill\" data-parallax=\"-3\" data-parallax-container=\".banner\" data-parallax-background>\n                                                \n                    <\/div>\n\t\t\n        <div class=\"banner-layers container\">\n            <div class=\"fill banner-link\"><\/div>            \n\t<div class=\"img has-hover x50 md-x5 lg-x5 y10 md-y50 lg-y50\" id=\"image_2053145725\">\n\t\t<a class=\"\" href=\"\/produkt\/collagen-energy\/\" >\t\t\t\t\t\t<div class=\"img-inner dark\" >\n\t\t\t<img decoding=\"async\" width=\"800\" height=\"800\" src=\"https:\/\/staging.fitnfemale.com\/wp-content\/uploads\/collagen-energy-blank2-shop.png\" class=\"attachment-original size-original\" alt=\"Collagen Energy Blank2 Shop\" srcset=\"https:\/\/staging.fitnfemale.com\/wp-content\/uploads\/collagen-energy-blank2-shop.png 800w, https:\/\/staging.fitnfemale.com\/wp-content\/uploads\/collagen-energy-blank2-shop-510x510.png 510w, https:\/\/staging.fitnfemale.com\/wp-content\/uploads\/collagen-energy-blank2-shop-200x200.png 200w, https:\/\/staging.fitnfemale.com\/wp-content\/uploads\/collagen-energy-blank2-shop-400x400.png 400w, https:\/\/staging.fitnfemale.com\/wp-content\/uploads\/collagen-energy-blank2-shop-280x280.png 280w, https:\/\/staging.fitnfemale.com\/wp-content\/uploads\/collagen-energy-blank2-shop-768x768.png 768w, https:\/\/staging.fitnfemale.com\/wp-content\/uploads\/collagen-energy-blank2-shop-12x12.png 12w, https:\/\/staging.fitnfemale.com\/wp-content\/uploads\/collagen-energy-blank2-shop-120x120.png 120w\" sizes=\"(max-width: 800px) 100vw, 800px\" \/>\t\t\t\t\t\t\n\t\t\t\t\t<\/div>\n\t\t\t\t\t\t<\/a>\t\t\n<style>\n#image_2053145725 {\n  width: 47%;\n}\n@media (min-width:550px) {\n  #image_2053145725 {\n    width: 34%;\n  }\n}\n<\/style>\n\t<\/div>\n\t\n   <div id=\"text-box-2020615005\" class=\"text-box banner-layer x50 md-x95 lg-x95 y95 md-y25 lg-y25 res-text\">\n                     <div data-animate=\"fadeInLeft\">           <div class=\"text-box-content text dark\">\n              \n              <div class=\"text-inner text-center\">\n                  \n\t<div id=\"text-1395052136\" class=\"text\">\n\t\t\n<p class=\"uppercase\">Collagen Energy<\/p>\n\t\t\n<style>\n#text-1395052136 {\n  color: rgb(0,0,0);\n}\n#text-1395052136 > * {\n  color: rgb(0,0,0);\n}\n<\/style>\n\t<\/div>\n\t\n<h3 class=\"lead\"><strong>Energie &#038; Sch\u00f6nheit in einem Drink.<\/strong><\/h3>\n<p>Brauchst du einen Energie-Kick und m\u00f6chtest gleichzeitig deine Sch\u00f6nheit pflegen? Dann ist Collagen Energy genau das Richtige f\u00fcr dich!<\/p>\n<a href=\"\/produkt\/collagen-energy\/\" class=\"button white expand\" style=\"border-radius:99px;\">\n\t<i class=\"icon-angle-right\" aria-hidden=\"true\"><\/i>\t<span>collagen energy<\/span>\n\t<\/a>\n\n              <\/div>\n           <\/div>\n       <\/div>                     \n<style>\n#text-box-2020615005 {\n  width: 82%;\n}\n#text-box-2020615005 .text-box-content {\n  font-size: 100%;\n}\n@media (min-width:550px) {\n  #text-box-2020615005 {\n    width: 41%;\n  }\n}\n<\/style>\n    <\/div>\n \n        <\/div>\n      <\/div>\n\n            \n<style>\n#banner-539799037 {\n  padding-top: 423px;\n  background-color: rgb(200, 140, 158);\n}\n#banner-539799037 .banner-bg img {\n  object-position: 60% 16%;\n}\n@media (min-width:550px) {\n  #banner-539799037 {\n    padding-top: 540px;\n  }\n}\n<\/style>\n  <\/div>\n\n\n\n  <div class=\"banner has-hover\" id=\"banner-1532268987\">\n          <div class=\"banner-inner fill\">\n        <div class=\"banner-bg fill\" >\n                                                \n                    <\/div>\n\t\t\n        <div class=\"banner-layers container\">\n            <div class=\"fill banner-link\"><\/div>            \n   <div id=\"text-box-1064745405\" class=\"text-box banner-layer x50 md-x95 lg-x95 y95 md-y50 lg-y50 res-text\">\n                     <div data-animate=\"fadeInLeft\">           <div class=\"text-box-content text dark\">\n              \n              <div class=\"text-inner text-center\">\n                  \n\t<div id=\"text-706449112\" class=\"text\">\n\t\t\n<p class=\"uppercase\">Gainer Goddess<\/p>\n\t\t\n<style>\n#text-706449112 {\n  color: rgb(0,0,0);\n}\n#text-706449112 > * {\n  color: rgb(0,0,0);\n}\n<\/style>\n\t<\/div>\n\t\n<h3 class=\"lead\"><strong>Gesund zunehmen &#038; sich stark f\u00fchlen.<\/strong><\/h3>\n<p>Zielst du auf eine gesunde Gewichtszunahme ab und m\u00f6chtest dabei strahlend aussehen? Gainer Goddess bietet genau das \u2013 f\u00fcr k\u00f6rperliche und geistige St\u00e4rke.<\/p>\n<a href=\"\/produkt\/gainer-goddess\/\" class=\"button white expand\" style=\"border-radius:99px;\">\n\t<i class=\"icon-angle-right\" aria-hidden=\"true\"><\/i>\t<span>GAINER GODDESS<\/span>\n\t<\/a>\n\n              <\/div>\n           <\/div>\n       <\/div>                     \n<style>\n#text-box-1064745405 {\n  width: 80%;\n}\n#text-box-1064745405 .text-box-content {\n  font-size: 100%;\n}\n@media (min-width:550px) {\n  #text-box-1064745405 {\n    width: 41%;\n  }\n}\n<\/style>\n    <\/div>\n \n\t<div class=\"img has-hover x50 md-x5 lg-x5 y5 md-y95 lg-y95\" id=\"image_735230996\">\n\t\t<a class=\"\" href=\"\/produkt\/gainer-goddess\/\" >\t\t\t\t\t\t<div class=\"img-inner dark\" style=\"margin:0px 0px 0px 0px;\">\n\t\t\t<img decoding=\"async\" width=\"800\" height=\"800\" src=\"https:\/\/staging.fitnfemale.com\/wp-content\/uploads\/gainergoddess.png\" class=\"attachment-original size-original\" alt=\"Gainergoddess\" srcset=\"https:\/\/staging.fitnfemale.com\/wp-content\/uploads\/gainergoddess.png 800w, https:\/\/staging.fitnfemale.com\/wp-content\/uploads\/gainergoddess-510x510.png 510w, https:\/\/staging.fitnfemale.com\/wp-content\/uploads\/gainergoddess-200x200.png 200w, https:\/\/staging.fitnfemale.com\/wp-content\/uploads\/gainergoddess-400x400.png 400w, https:\/\/staging.fitnfemale.com\/wp-content\/uploads\/gainergoddess-280x280.png 280w, https:\/\/staging.fitnfemale.com\/wp-content\/uploads\/gainergoddess-768x768.png 768w, https:\/\/staging.fitnfemale.com\/wp-content\/uploads\/gainergoddess-12x12.png 12w, https:\/\/staging.fitnfemale.com\/wp-content\/uploads\/gainergoddess-120x120.png 120w\" sizes=\"(max-width: 800px) 100vw, 800px\" \/>\t\t\t\t\t\t\n\t\t\t\t\t<\/div>\n\t\t\t\t\t\t<\/a>\t\t\n<style>\n#image_735230996 {\n  width: 48%;\n}\n@media (min-width:550px) {\n  #image_735230996 {\n    width: 37%;\n  }\n}\n<\/style>\n\t<\/div>\n\t\n        <\/div>\n      <\/div>\n\n            \n<style>\n#banner-1532268987 {\n  padding-top: 408px;\n  background-color: rgb(182, 118, 133);\n}\n#banner-1532268987 .overlay {\n  background-color: rgba(0, 0, 0, 0.3);\n}\n@media (min-width:550px) {\n  #banner-1532268987 {\n    padding-top: 540px;\n  }\n}\n<\/style>\n  <\/div>\n\n\n\n  <div class=\"banner has-hover show-for-medium hide-for-small\" id=\"banner-2113476578\">\n          <div class=\"banner-inner fill\">\n        <div class=\"banner-bg fill\" >\n                                    <div class=\"overlay\"><\/div>            \n                    <\/div>\n\t\t\n        <div class=\"banner-layers container\">\n            <div class=\"fill banner-link\"><\/div>            \n   <div id=\"text-box-1719817952\" class=\"text-box banner-layer x50 md-x50 lg-x50 y50 md-y50 lg-y50 res-text\">\n              <div data-parallax=\"2\" data-parallax-fade=\"true\">                  <div class=\"text-box-content text dark\">\n              \n              <div class=\"text-inner text-center\">\n                  \n<h3 class=\"uppercase\"><strong>SPEZIAL-RABATT<\/strong><\/h3>\n<p>Verwende den Code SURPRISE f\u00fcr einen erhalte einen Spezialrabatt und bis zu 4 Giveaways pro Bestellung.<\/p>\n<div id=\"timer-1647684978\" class=\"ux-timer dark\" data-text-plural=\"s\" data-text-hour=\"hour\" data-text-day=\"day\" data-text-week=\"week\" data-text-min=\"min\" data-text-sec=\"sec\" data-text-hour-p=\"\" data-text-day-p=\"\" data-text-week-p=\"\" data-text-min-p=\"\" data-text-sec-p=\"\" data-countdown=\"2021\/12\/31 18:00\"><span>&nbsp;<div class=\"loading-spin dark centered\"><\/div><strong>&nbsp;<\/strong><\/span><\/div>\n<style>\n#timer-1647684978 {\n  font-size: 300%;\n}\n#timer-1647684978 span {\n  background-color: rgba(0, 0, 0, 0.06);\n}\n<\/style>\n\n<a class=\"button white\" style=\"border-radius:99px;\">\n\t\t<span>Shop Now<\/span>\n\t<\/a>\n\n              <\/div>\n           <\/div>\n              <\/div>              \n<style>\n#text-box-1719817952 {\n  width: 79%;\n}\n#text-box-1719817952 .text-box-content {\n  font-size: 100%;\n}\n@media (min-width:550px) {\n  #text-box-1719817952 {\n    width: 60%;\n  }\n}\n<\/style>\n    <\/div>\n \n        <\/div>\n      <\/div>\n\n            \n<style>\n#banner-2113476578 {\n  padding-top: 500px;\n}\n#banner-2113476578 .overlay {\n  background-color: rgba(0, 185, 179, 0.91);\n}\n<\/style>\n  <\/div>\n\n\n\n\t<section class=\"section\" id=\"section_1142986120\">\n\t\t<div class=\"section-bg fill\" >\n\t\t\t\t\t\t\t\t\t\n\t\t\t\n\n\t\t<\/div>\n\n\t\t\n\n\t\t<div class=\"section-content relative\">\n\t\t\t\n\t<div id=\"gap-241917096\" class=\"gap-element clearfix\" style=\"display:block; height:auto;\">\n\t\t\n<style>\n#gap-241917096 {\n  padding-top: 38px;\n}\n<\/style>\n\t<\/div>\n\t\n<div class=\"row\"  id=\"row-1680267829\">\n\n\t<div id=\"col-1490734045\" class=\"col medium-4 small-12 large-4\"  >\n\t\t\t\t<div class=\"col-inner\" style=\"background-color:#F9E7F0;\" >\n\t\t\t\n\t\t\t\n\n\t\t<div class=\"icon-box featured-box icon-box-center text-center\"  >\n\t\t\t\t\t<div class=\"icon-box-img\" style=\"width: 129px\">\n\t\t\t\t<div class=\"icon\">\n\t\t\t\t\t<div class=\"icon-inner\" >\n\t\t\t\t\t\t<img decoding=\"async\" width=\"1\" height=\"1\" src=\"https:\/\/staging.fitnfemale.com\/wp-content\/uploads\/hearthome2.svg\" class=\"attachment-medium size-medium\" alt=\"Hearthome2\" \/>\t\t\t\t\t<\/div>\n\t\t\t\t<\/div>\n\t\t\t<\/div>\n\t\t\t\t<div class=\"icon-box-text last-reset\">\n\t\t\t\t\t\t\t\t\t\n<div class=\"row\"  id=\"row-952083580\">\n\n\t<div id=\"col-1067443589\" class=\"col small-12 large-12\"  >\n\t\t\t\t<div class=\"col-inner\"  >\n\t\t\t\n\t\t\t\n\t<div id=\"text-3448387050\" class=\"text\">\n\t\t\n<p>Seit 2015 kreiert FitNFemale leckere Feelgood-Produkte f\u00fcr starke Frauen \u2013 Detailverliebt f\u00fcr dich gemacht.<\/p>\n\t\t\n<style>\n#text-3448387050 {\n  font-size: 0.85rem;\n  color: rgb(0,0,0);\n}\n#text-3448387050 > * {\n  color: rgb(0,0,0);\n}\n<\/style>\n\t<\/div>\n\t\n\t\t<\/div>\n\t\t\t\t\n<style>\n#col-1067443589 > .col-inner {\n  padding: 0px 20px 0px 20px;\n}\n<\/style>\n\t<\/div>\n\n\t\n<\/div>\n\t\t<\/div>\n\t<\/div>\n\t\n\t\n\t\t<\/div>\n\t\t\t\t\n<style>\n#col-1490734045 > .col-inner {\n  padding: 40px 40px 40px 40px;\n  border-radius: 21px;\n}\n<\/style>\n\t<\/div>\n\n\t\n\n\t<div id=\"col-1999324904\" class=\"col medium-4 small-12 large-4\"  >\n\t\t\t\t<div class=\"col-inner\" style=\"background-color:#F9E7F0;\" >\n\t\t\t\n\t\t\t\n\n\t\t<div class=\"icon-box featured-box icon-box-center text-center\"  >\n\t\t\t\t\t<div class=\"icon-box-img\" style=\"width: 129px\">\n\t\t\t\t<div class=\"icon\">\n\t\t\t\t\t<div class=\"icon-inner\" >\n\t\t\t\t\t\t<img decoding=\"async\" width=\"1\" height=\"1\" src=\"https:\/\/staging.fitnfemale.com\/wp-content\/uploads\/customers.svg\" class=\"attachment-medium size-medium\" alt=\"Customers\" \/>\t\t\t\t\t<\/div>\n\t\t\t\t<\/div>\n\t\t\t<\/div>\n\t\t\t\t<div class=\"icon-box-text last-reset\">\n\t\t\t\t\t\t\t\t\t\n<div class=\"row\"  id=\"row-1261964159\">\n\n\t<div id=\"col-245742148\" class=\"col small-12 large-12\"  >\n\t\t\t\t<div class=\"col-inner\"  >\n\t\t\t\n\t\t\t\n\t<div id=\"text-3163371069\" class=\"text\">\n\t\t\n<p>Erlebe den unvergleichlichen Geschmack unserer Shakes \u2013 9 von 10 Kundinnen empfehlen uns weiter!<\/p>\n\t\t\n<style>\n#text-3163371069 {\n  font-size: 0.85rem;\n  color: rgb(0,0,0);\n}\n#text-3163371069 > * {\n  color: rgb(0,0,0);\n}\n<\/style>\n\t<\/div>\n\t\n\t\t<\/div>\n\t\t\t\t\n<style>\n#col-245742148 > .col-inner {\n  padding: 0px 20px 0px 20px;\n}\n<\/style>\n\t<\/div>\n\n\t\n<\/div>\n\t\t<\/div>\n\t<\/div>\n\t\n\t\n\t\t<\/div>\n\t\t\t\t\n<style>\n#col-1999324904 > .col-inner {\n  padding: 40px 40px 40px 40px;\n  border-radius: 21px;\n}\n<\/style>\n\t<\/div>\n\n\t\n\n\t<div id=\"col-2291930\" class=\"col medium-4 small-12 large-4\"  >\n\t\t\t\t<div class=\"col-inner\" style=\"background-color:#F9E7F0;\" >\n\t\t\t\n\t\t\t\n\n\t\t<div class=\"icon-box featured-box icon-box-center text-center\"  >\n\t\t\t\t\t<div class=\"icon-box-img\" style=\"width: 129px\">\n\t\t\t\t<div class=\"icon\">\n\t\t\t\t\t<div class=\"icon-inner\" >\n\t\t\t\t\t\t<img decoding=\"async\" width=\"1\" height=\"1\" src=\"https:\/\/staging.fitnfemale.com\/wp-content\/uploads\/experts.svg\" class=\"attachment-medium size-medium\" alt=\"Experts\" \/>\t\t\t\t\t<\/div>\n\t\t\t\t<\/div>\n\t\t\t<\/div>\n\t\t\t\t<div class=\"icon-box-text last-reset\">\n\t\t\t\t\t\t\t\t\t\n<div class=\"row\"  id=\"row-1568690953\">\n\n\t<div id=\"col-479277383\" class=\"col small-12 large-12\"  >\n\t\t\t\t<div class=\"col-inner\"  >\n\t\t\t\n\t\t\t\n\t<div id=\"text-2917966480\" class=\"text\">\n\t\t\n<p>Dank unserer IFS-Zertifizierung garantieren wir h\u00f6chste Qualit\u00e4tsstandards in jeder Produktion.<\/p>\n\t\t\n<style>\n#text-2917966480 {\n  font-size: 0.85rem;\n  color: rgb(0,0,0);\n}\n#text-2917966480 > * {\n  color: rgb(0,0,0);\n}\n<\/style>\n\t<\/div>\n\t\n\t\t<\/div>\n\t\t\t\t\n<style>\n#col-479277383 > .col-inner {\n  padding: 0px 20px 0px 20px;\n}\n<\/style>\n\t<\/div>\n\n\t\n<\/div>\n\t\t<\/div>\n\t<\/div>\n\t\n\t\n\t\t<\/div>\n\t\t\t\t\n<style>\n#col-2291930 > .col-inner {\n  padding: 40px 40px 40px 40px;\n  border-radius: 21px;\n}\n<\/style>\n\t<\/div>\n\n\t\n\n<style>\n#row-1680267829 > .col > .col-inner {\n  padding: 0px 0px 0px 0px;\n}\n<\/style>\n<\/div>\n\t\t<\/div>\n\n\t\t\n<style>\n#section_1142986120 {\n  padding-top: 0px;\n  padding-bottom: 0px;\n  background-color: rgb(29, 29, 31);\n}\n<\/style>\n\t<\/section>\n\t\n","protected":false},"excerpt":{"rendered":"","protected":false},"author":1,"featured_media":0,"parent":0,"menu_order":0,"comment_status":"closed","ping_status":"closed","template":"page-transparent-header-light.php","meta":{"slim_seo":{"title":"Collagen - FitNFemale\u00ae","description":"Finde dein perfektes Collagen bei FitNFemale Collagen Supermix F\u00fcr strahlende Haut & stressfreies Leben. Suchst du eine umfassende L\u00f6sung f\u00fcr Haut, Haare, Gelen"},"footnotes":""},"class_list":["post-784411","page","type-page","status-publish","hentry"],"_links":{"self":[{"href":"https:\/\/staging.fitnfemale.com\/fr\/wp-json\/wp\/v2\/pages\/784411","targetHints":{"allow":["GET"]}}],"collection":[{"href":"https:\/\/staging.fitnfemale.com\/fr\/wp-json\/wp\/v2\/pages"}],"about":[{"href":"https:\/\/staging.fitnfemale.com\/fr\/wp-json\/wp\/v2\/types\/page"}],"author":[{"embeddable":true,"href":"https:\/\/staging.fitnfemale.com\/fr\/wp-json\/wp\/v2\/users\/1"}],"replies":[{"embeddable":true,"href":"https:\/\/staging.fitnfemale.com\/fr\/wp-json\/wp\/v2\/comments?post=784411"}],"version-history":[{"count":0,"href":"https:\/\/staging.fitnfemale.com\/fr\/wp-json\/wp\/v2\/pages\/784411\/revisions"}],"wp:attachment":[{"href":"https:\/\/staging.fitnfemale.com\/fr\/wp-json\/wp\/v2\/media?parent=784411"}],"curies":[{"name":"wp","href":"https:\/\/api.w.org\/{rel}","templated":true}]}}